{"id":1308,"date":"2023-02-19T16:43:31","date_gmt":"2023-02-19T16:43:31","guid":{"rendered":"https:\/\/tastruck.eu\/konfigurator\/"},"modified":"2023-03-01T09:51:15","modified_gmt":"2023-03-01T09:51:15","slug":"konfigurator","status":"publish","type":"page","link":"https:\/\/www.tastruck.eu\/de\/konfigurator\/","title":{"rendered":"Konfigurator"},"content":{"rendered":"\t\t<div data-elementor-type=\"wp-page\" data-elementor-id=\"1308\" class=\"elementor elementor-1308 elementor-902\">\n\t\t\t\t\t\t\t\t\t<section class=\"elementor-section elementor-top-section elementor-element elementor-element-5759cd4 elementor-section-boxed elementor-section-height-default elementor-section-height-default\" data-id=\"5759cd4\" data-element_type=\"section\" data-settings=\"{&quot;background_background&quot;:&quot;classic&quot;}\">\n\t\t\t\t\t\t<div class=\"elementor-container elementor-column-gap-default\">\n\t\t\t\t\t<div class=\"elementor-column elementor-col-100 elementor-top-column elementor-element elementor-element-d33c821\" data-id=\"d33c821\" data-element_type=\"column\">\n\t\t\t<div class=\"elementor-widget-wrap elementor-element-populated\">\n\t\t\t\t\t\t\t\t<div class=\"elementor-element elementor-element-cfa50ee elementor-widget elementor-widget-heading\" data-id=\"cfa50ee\" data-element_type=\"widget\" data-widget_type=\"heading.default\">\n\t\t\t\t<div class=\"elementor-widget-container\">\n\t\t\t<style>\/*! elementor - v3.11.1 - 15-02-2023 *\/\n.elementor-heading-title{padding:0;margin:0;line-height:1}.elementor-widget-heading .elementor-heading-title[class*=elementor-size-]>a{color:inherit;font-size:inherit;line-height:inherit}.elementor-widget-heading .elementor-heading-title.elementor-size-small{font-size:15px}.elementor-widget-heading .elementor-heading-title.elementor-size-medium{font-size:19px}.elementor-widget-heading .elementor-heading-title.elementor-size-large{font-size:29px}.elementor-widget-heading .elementor-heading-title.elementor-size-xl{font-size:39px}.elementor-widget-heading .elementor-heading-title.elementor-size-xxl{font-size:59px}<\/style><h1 class=\"elementor-heading-title elementor-size-default\">Individuelle L\u00f6sungen<\/h1>\t\t<\/div>\n\t\t\t\t<\/div>\n\t\t\t\t<div class=\"elementor-element elementor-element-cb8c98e elementor-widget elementor-widget-text-editor\" data-id=\"cb8c98e\" data-element_type=\"widget\" data-widget_type=\"text-editor.default\">\n\t\t\t\t<div class=\"elementor-widget-container\">\n\t\t\t<style>\/*! elementor - v3.11.1 - 15-02-2023 *\/\n.elementor-widget-text-editor.elementor-drop-cap-view-stacked .elementor-drop-cap{background-color:#818a91;color:#fff}.elementor-widget-text-editor.elementor-drop-cap-view-framed .elementor-drop-cap{color:#818a91;border:3px solid;background-color:transparent}.elementor-widget-text-editor:not(.elementor-drop-cap-view-default) .elementor-drop-cap{margin-top:8px}.elementor-widget-text-editor:not(.elementor-drop-cap-view-default) .elementor-drop-cap-letter{width:1em;height:1em}.elementor-widget-text-editor .elementor-drop-cap{float:left;text-align:center;line-height:1;font-size:50px}.elementor-widget-text-editor .elementor-drop-cap-letter{display:inline-block}<\/style>\t\t\t\t<p>Durch die Montage des innovativen TAS-Werbetr\u00e4gers auf LKWs oder anderen Fahrzeugen erhalten Sie Ihre eigene fahrende Plakatwand, die Sie nach Belieben nutzen k\u00f6nnen.<\/p>\n\t\t\t\t\t\t<\/div>\n\t\t\t\t<\/div>\n\t\t\t\t\t<\/div>\n\t\t<\/div>\n\t\t\t\t\t\t\t<\/div>\n\t\t<\/section>\n\t\t\t\t<section class=\"elementor-section elementor-top-section elementor-element elementor-element-73bea45 elementor-section-boxed elementor-section-height-default elementor-section-height-default\" data-id=\"73bea45\" data-element_type=\"section\">\n\t\t\t\t\t\t<div class=\"elementor-container elementor-column-gap-default\">\n\t\t\t\t\t<div class=\"elementor-column elementor-col-100 elementor-top-column elementor-element elementor-element-c30e8d9\" data-id=\"c30e8d9\" data-element_type=\"column\">\n\t\t\t<div class=\"elementor-widget-wrap elementor-element-populated\">\n\t\t\t\t\t\t\t\t<div class=\"elementor-element elementor-element-562fa89 elementor-widget elementor-widget-text-editor\" data-id=\"562fa89\" data-element_type=\"widget\" data-widget_type=\"text-editor.default\">\n\t\t\t\t<div class=\"elementor-widget-container\">\n\t\t\t\t\t\t\t<p>TASformieren Sie Ihr Fahrzeug. Viel Spa\u00df beim Fahren!<\/p>\n\t\t\t\t\t\t<\/div>\n\t\t\t\t<\/div>\n\t\t\t\t<div class=\"elementor-element elementor-element-fe402b3 elementor-widget elementor-widget-heading\" data-id=\"fe402b3\" data-element_type=\"widget\" data-widget_type=\"heading.default\">\n\t\t\t\t<div class=\"elementor-widget-container\">\n\t\t\t<h2 class=\"elementor-heading-title elementor-size-default\">LKW-Typ Auswahl<\/h2>\t\t<\/div>\n\t\t\t\t<\/div>\n\t\t\t\t\t<\/div>\n\t\t<\/div>\n\t\t\t\t\t\t\t<\/div>\n\t\t<\/section>\n\t\t\t\t<section class=\"elementor-section elementor-top-section elementor-element elementor-element-206b472 elementor-section-content-bottom elementor-section-boxed elementor-section-height-default elementor-section-height-default\" data-id=\"206b472\" data-element_type=\"section\">\n\t\t\t\t\t\t<div class=\"elementor-container elementor-column-gap-default\">\n\t\t\t\t\t<div class=\"elementor-column elementor-col-33 elementor-top-column elementor-element elementor-element-5bb4897\" data-id=\"5bb4897\" data-element_type=\"column\">\n\t\t\t<div class=\"elementor-widget-wrap elementor-element-populated\">\n\t\t\t\t\t\t\t\t<div class=\"elementor-element elementor-element-eb8b3b2 elementor-widget elementor-widget-image\" data-id=\"eb8b3b2\" data-element_type=\"widget\" data-widget_type=\"image.default\">\n\t\t\t\t<div class=\"elementor-widget-container\">\n\t\t\t<style>\/*! elementor - v3.11.1 - 15-02-2023 *\/\n.elementor-widget-image{text-align:center}.elementor-widget-image a{display:inline-block}.elementor-widget-image a img[src$=\".svg\"]{width:48px}.elementor-widget-image img{vertical-align:middle;display:inline-block}<\/style>\t\t\t\t\t\t\t\t\t\t\t\t\t<a href=\"https:\/\/tastruck.eu\/configurator\/truck-2\/\">\n\t\t\t\t\t\t\t<img decoding=\"async\" src=\"https:\/\/www.tastruck.eu\/wp-content\/uploads\/elementor\/thumbs\/5-Mali-kamion-1-q2jhg7ppi9oz69rvry19lhyyqqsrd616ou0r6y9e82.png\" title=\"5-Mali-kamion.png\" alt=\"5-Mali-kamion.png\" loading=\"lazy\" \/>\t\t\t\t\t\t\t\t<\/a>\n\t\t\t\t\t\t\t\t\t\t\t\t\t\t\t<\/div>\n\t\t\t\t<\/div>\n\t\t\t\t\t<\/div>\n\t\t<\/div>\n\t\t\t\t<div class=\"elementor-column elementor-col-33 elementor-top-column elementor-element elementor-element-ecc5b0b\" data-id=\"ecc5b0b\" data-element_type=\"column\">\n\t\t\t<div class=\"elementor-widget-wrap elementor-element-populated\">\n\t\t\t\t\t\t\t\t<div class=\"elementor-element elementor-element-8ae22d1 elementor-widget elementor-widget-image\" data-id=\"8ae22d1\" data-element_type=\"widget\" data-widget_type=\"image.default\">\n\t\t\t\t<div class=\"elementor-widget-container\">\n\t\t\t\t\t\t\t\t\t\t\t\t\t\t\t\t<a href=\"https:\/\/tastruck.eu\/configurator\/truck-4\/\">\n\t\t\t\t\t\t\t<img decoding=\"async\" src=\"https:\/\/www.tastruck.eu\/wp-content\/uploads\/elementor\/thumbs\/1-Solo-kamion-1-q2jhg9ljho4j3zglu0wl7rcaxl1nrjxihb5h4ccyf6.png\" title=\"1-Solo-kamion.png\" alt=\"1-Solo-kamion.png\" loading=\"lazy\" \/>\t\t\t\t\t\t\t\t<\/a>\n\t\t\t\t\t\t\t\t\t\t\t\t\t\t\t<\/div>\n\t\t\t\t<\/div>\n\t\t\t\t\t<\/div>\n\t\t<\/div>\n\t\t\t\t<div class=\"elementor-column elementor-col-33 elementor-top-column elementor-element elementor-element-694d701\" data-id=\"694d701\" data-element_type=\"column\">\n\t\t\t<div class=\"elementor-widget-wrap elementor-element-populated\">\n\t\t\t\t\t\t\t\t<div class=\"elementor-element elementor-element-46ec0b4 elementor-widget elementor-widget-image\" data-id=\"46ec0b4\" data-element_type=\"widget\" data-widget_type=\"image.default\">\n\t\t\t\t<div class=\"elementor-widget-container\">\n\t\t\t\t\t\t\t\t\t\t\t\t\t\t\t\t<a href=\"https:\/\/tastruck.eu\/configurator\/truck-5\">\n\t\t\t\t\t\t\t<img decoding=\"async\" src=\"https:\/\/www.tastruck.eu\/wp-content\/uploads\/2023\/02\/6-Izmjenjiv-kontejer-1.png\" title=\"6-Izmjenjiv-kontejer.png\" alt=\"6-Izmjenjiv-kontejer.png\" loading=\"lazy\" \/>\t\t\t\t\t\t\t\t<\/a>\n\t\t\t\t\t\t\t\t\t\t\t\t\t\t\t<\/div>\n\t\t\t\t<\/div>\n\t\t\t\t\t<\/div>\n\t\t<\/div>\n\t\t\t\t\t\t\t<\/div>\n\t\t<\/section>\n\t\t\t\t<section class=\"elementor-section elementor-top-section elementor-element elementor-element-5c8cc8e elementor-section-full_width elementor-section-content-bottom elementor-section-height-default elementor-section-height-default\" data-id=\"5c8cc8e\" data-element_type=\"section\">\n\t\t\t\t\t\t<div class=\"elementor-container elementor-column-gap-default\">\n\t\t\t\t\t<div class=\"elementor-column elementor-col-50 elementor-top-column elementor-element elementor-element-e936af8\" data-id=\"e936af8\" data-element_type=\"column\">\n\t\t\t<div class=\"elementor-widget-wrap elementor-element-populated\">\n\t\t\t\t\t\t\t\t<div class=\"elementor-element elementor-element-e9d1c0b elementor-widget elementor-widget-image\" data-id=\"e9d1c0b\" data-element_type=\"widget\" data-widget_type=\"image.default\">\n\t\t\t\t<div class=\"elementor-widget-container\">\n\t\t\t\t\t\t\t\t\t\t\t\t\t\t\t\t<a href=\"https:\/\/tastruck.eu\/configurator\/truck-3\/\">\n\t\t\t\t\t\t\t<img loading=\"lazy\" decoding=\"async\" width=\"800\" height=\"207\" src=\"https:\/\/www.tastruck.eu\/wp-content\/uploads\/2023\/02\/3-Sleper-1-1024x265.png\" class=\"attachment-large size-large wp-image-1507\" alt=\"\" srcset=\"https:\/\/www.tastruck.eu\/wp-content\/uploads\/2023\/02\/3-Sleper-1-1024x265.png 1024w, https:\/\/www.tastruck.eu\/wp-content\/uploads\/2023\/02\/3-Sleper-1-300x78.png 300w, https:\/\/www.tastruck.eu\/wp-content\/uploads\/2023\/02\/3-Sleper-1-768x199.png 768w, https:\/\/www.tastruck.eu\/wp-content\/uploads\/2023\/02\/3-Sleper-1-1536x398.png 1536w, https:\/\/www.tastruck.eu\/wp-content\/uploads\/2023\/02\/3-Sleper-1.png 1781w\" sizes=\"auto, (max-width: 800px) 100vw, 800px\" \/>\t\t\t\t\t\t\t\t<\/a>\n\t\t\t\t\t\t\t\t\t\t\t\t\t\t\t<\/div>\n\t\t\t\t<\/div>\n\t\t\t\t\t<\/div>\n\t\t<\/div>\n\t\t\t\t<div class=\"elementor-column elementor-col-50 elementor-top-column elementor-element elementor-element-a9534b5\" data-id=\"a9534b5\" data-element_type=\"column\">\n\t\t\t<div class=\"elementor-widget-wrap elementor-element-populated\">\n\t\t\t\t\t\t\t\t<div class=\"elementor-element elementor-element-ac8fbbd elementor-widget elementor-widget-image\" data-id=\"ac8fbbd\" data-element_type=\"widget\" data-widget_type=\"image.default\">\n\t\t\t\t<div class=\"elementor-widget-container\">\n\t\t\t\t\t\t\t\t\t\t\t\t\t\t\t\t<a href=\"https:\/\/tastruck.eu\/configurator\/truck-1\">\n\t\t\t\t\t\t\t<img loading=\"lazy\" decoding=\"async\" width=\"800\" height=\"163\" src=\"https:\/\/www.tastruck.eu\/wp-content\/uploads\/2023\/02\/4-Americki-kamion-1-1024x208.png\" class=\"attachment-large size-large wp-image-1511\" alt=\"\" srcset=\"https:\/\/www.tastruck.eu\/wp-content\/uploads\/2023\/02\/4-Americki-kamion-1-1024x208.png 1024w, https:\/\/www.tastruck.eu\/wp-content\/uploads\/2023\/02\/4-Americki-kamion-1-300x61.png 300w, https:\/\/www.tastruck.eu\/wp-content\/uploads\/2023\/02\/4-Americki-kamion-1-768x156.png 768w, https:\/\/www.tastruck.eu\/wp-content\/uploads\/2023\/02\/4-Americki-kamion-1-1536x312.png 1536w, https:\/\/www.tastruck.eu\/wp-content\/uploads\/2023\/02\/4-Americki-kamion-1-2048x416.png 2048w\" sizes=\"auto, (max-width: 800px) 100vw, 800px\" \/>\t\t\t\t\t\t\t\t<\/a>\n\t\t\t\t\t\t\t\t\t\t\t\t\t\t\t<\/div>\n\t\t\t\t<\/div>\n\t\t\t\t\t<\/div>\n\t\t<\/div>\n\t\t\t\t\t\t\t<\/div>\n\t\t<\/section>\n\t\t\t\t\t\t\t<\/div>\n\t\t","protected":false},"excerpt":{"rendered":"<p>Individuelle L\u00f6sungen Durch die Montage des innovativen TAS-Werbetr\u00e4gers auf LKWs oder anderen Fahrzeugen erhalten Sie Ihre eigene fahrende Plakatwand, die Sie nach Belieben nutzen k\u00f6nnen. TASformieren Sie Ihr Fahrzeug. Viel Spa\u00df beim Fahren! LKW-Typ Auswahl<\/p>\n","protected":false},"author":1,"featured_media":0,"parent":0,"menu_order":0,"comment_status":"closed","ping_status":"closed","template":"","meta":{"footnotes":""},"class_list":["post-1308","page","type-page","status-publish","hentry"],"yoast_head":"<!-- This site is optimized with the Yoast SEO plugin v20.2 - https:\/\/yoast.com\/wordpress\/plugins\/seo\/ -->\n<title>Konfigurator - TAS Truck Advertising Solution<\/title>\n<meta name=\"description\" content=\"Individuelle L\u00f6sungen Durch die Montage des innovativen TAS-Werbetr\u00e4gers auf LKWs oder anderen Fahrzeugen erhalten Sie Ihre eigene fahrende Plakatwand, die Sie nach Belieben nutzen k\u00f6nnen.\" \/>\n<meta name=\"robots\" content=\"index, follow, max-snippet:-1, max-image-preview:large, max-video-preview:-1\" \/>\n<link rel=\"canonical\" href=\"https:\/\/www.tastruck.eu\/de\/konfigurator\/\" \/>\n<meta property=\"og:locale\" content=\"de_DE\" \/>\n<meta property=\"og:type\" content=\"article\" \/>\n<meta property=\"og:title\" content=\"Konfigurator - TAS Truck Advertising Solution\" \/>\n<meta property=\"og:description\" content=\"Individuelle L\u00f6sungen Durch die Montage des innovativen TAS-Werbetr\u00e4gers auf LKWs oder anderen Fahrzeugen erhalten Sie Ihre eigene fahrende Plakatwand, die Sie nach Belieben nutzen k\u00f6nnen.\" \/>\n<meta property=\"og:url\" content=\"https:\/\/www.tastruck.eu\/de\/konfigurator\/\" \/>\n<meta property=\"og:site_name\" content=\"TAS Truck Advertising Solution\" \/>\n<meta property=\"article:modified_time\" content=\"2023-03-01T09:51:15+00:00\" \/>\n<meta property=\"og:image\" content=\"https:\/\/www.tastruck.eu\/wp-content\/uploads\/elementor\/thumbs\/5-Mali-kamion-1-q2jhg7ppi9oz69rvry19lhyyqqsrd616ou0r6y9e82.png\" \/>\n<meta name=\"twitter:card\" content=\"summary_large_image\" \/>\n<script type=\"application\/ld+json\" class=\"yoast-schema-graph\">{\"@context\":\"https:\/\/schema.org\",\"@graph\":[{\"@type\":\"WebPage\",\"@id\":\"https:\/\/www.tastruck.eu\/de\/konfigurator\/\",\"url\":\"https:\/\/www.tastruck.eu\/de\/konfigurator\/\",\"name\":\"Konfigurator - TAS Truck Advertising Solution\",\"isPartOf\":{\"@id\":\"https:\/\/www.tastruck.eu\/#website\"},\"datePublished\":\"2023-02-19T16:43:31+00:00\",\"dateModified\":\"2023-03-01T09:51:15+00:00\",\"description\":\"Individuelle L\u00f6sungen Durch die Montage des innovativen TAS-Werbetr\u00e4gers auf LKWs oder anderen Fahrzeugen erhalten Sie Ihre eigene fahrende Plakatwand, die Sie nach Belieben nutzen k\u00f6nnen.\",\"breadcrumb\":{\"@id\":\"https:\/\/www.tastruck.eu\/de\/konfigurator\/#breadcrumb\"},\"inLanguage\":\"de\",\"potentialAction\":[{\"@type\":\"ReadAction\",\"target\":[\"https:\/\/www.tastruck.eu\/de\/konfigurator\/\"]}]},{\"@type\":\"BreadcrumbList\",\"@id\":\"https:\/\/www.tastruck.eu\/de\/konfigurator\/#breadcrumb\",\"itemListElement\":[{\"@type\":\"ListItem\",\"position\":1,\"name\":\"Home\",\"item\":\"https:\/\/www.tastruck.eu\/de\/\"},{\"@type\":\"ListItem\",\"position\":2,\"name\":\"Konfigurator\"}]},{\"@type\":\"WebSite\",\"@id\":\"https:\/\/www.tastruck.eu\/#website\",\"url\":\"https:\/\/www.tastruck.eu\/\",\"name\":\"TAS Truck Advertising Solution\",\"description\":\"\",\"publisher\":{\"@id\":\"https:\/\/www.tastruck.eu\/#organization\"},\"potentialAction\":[{\"@type\":\"SearchAction\",\"target\":{\"@type\":\"EntryPoint\",\"urlTemplate\":\"https:\/\/www.tastruck.eu\/?s={search_term_string}\"},\"query-input\":\"required name=search_term_string\"}],\"inLanguage\":\"de\"},{\"@type\":\"Organization\",\"@id\":\"https:\/\/www.tastruck.eu\/#organization\",\"name\":\"TAS Truck Advertising Solution\",\"url\":\"https:\/\/www.tastruck.eu\/\",\"logo\":{\"@type\":\"ImageObject\",\"inLanguage\":\"de\",\"@id\":\"https:\/\/www.tastruck.eu\/#\/schema\/logo\/image\/\",\"url\":\"https:\/\/www.tastruck.eu\/wp-content\/uploads\/2023\/02\/logo_TAS_color_whiteboldtag.svg\",\"contentUrl\":\"https:\/\/www.tastruck.eu\/wp-content\/uploads\/2023\/02\/logo_TAS_color_whiteboldtag.svg\",\"width\":184,\"height\":62,\"caption\":\"TAS Truck Advertising Solution\"},\"image\":{\"@id\":\"https:\/\/www.tastruck.eu\/#\/schema\/logo\/image\/\"}}]}<\/script>\n<!-- \/ Yoast SEO plugin. -->","yoast_head_json":{"title":"Konfigurator - TAS Truck Advertising Solution","description":"Individuelle L\u00f6sungen Durch die Montage des innovativen TAS-Werbetr\u00e4gers auf LKWs oder anderen Fahrzeugen erhalten Sie Ihre eigene fahrende Plakatwand, die Sie nach Belieben nutzen k\u00f6nnen.","robots":{"index":"index","follow":"follow","max-snippet":"max-snippet:-1","max-image-preview":"max-image-preview:large","max-video-preview":"max-video-preview:-1"},"canonical":"https:\/\/www.tastruck.eu\/de\/konfigurator\/","og_locale":"de_DE","og_type":"article","og_title":"Konfigurator - TAS Truck Advertising Solution","og_description":"Individuelle L\u00f6sungen Durch die Montage des innovativen TAS-Werbetr\u00e4gers auf LKWs oder anderen Fahrzeugen erhalten Sie Ihre eigene fahrende Plakatwand, die Sie nach Belieben nutzen k\u00f6nnen.","og_url":"https:\/\/www.tastruck.eu\/de\/konfigurator\/","og_site_name":"TAS Truck Advertising Solution","article_modified_time":"2023-03-01T09:51:15+00:00","og_image":[{"url":"https:\/\/www.tastruck.eu\/wp-content\/uploads\/elementor\/thumbs\/5-Mali-kamion-1-q2jhg7ppi9oz69rvry19lhyyqqsrd616ou0r6y9e82.png"}],"twitter_card":"summary_large_image","schema":{"@context":"https:\/\/schema.org","@graph":[{"@type":"WebPage","@id":"https:\/\/www.tastruck.eu\/de\/konfigurator\/","url":"https:\/\/www.tastruck.eu\/de\/konfigurator\/","name":"Konfigurator - TAS Truck Advertising Solution","isPartOf":{"@id":"https:\/\/www.tastruck.eu\/#website"},"datePublished":"2023-02-19T16:43:31+00:00","dateModified":"2023-03-01T09:51:15+00:00","description":"Individuelle L\u00f6sungen Durch die Montage des innovativen TAS-Werbetr\u00e4gers auf LKWs oder anderen Fahrzeugen erhalten Sie Ihre eigene fahrende Plakatwand, die Sie nach Belieben nutzen k\u00f6nnen.","breadcrumb":{"@id":"https:\/\/www.tastruck.eu\/de\/konfigurator\/#breadcrumb"},"inLanguage":"de","potentialAction":[{"@type":"ReadAction","target":["https:\/\/www.tastruck.eu\/de\/konfigurator\/"]}]},{"@type":"BreadcrumbList","@id":"https:\/\/www.tastruck.eu\/de\/konfigurator\/#breadcrumb","itemListElement":[{"@type":"ListItem","position":1,"name":"Home","item":"https:\/\/www.tastruck.eu\/de\/"},{"@type":"ListItem","position":2,"name":"Konfigurator"}]},{"@type":"WebSite","@id":"https:\/\/www.tastruck.eu\/#website","url":"https:\/\/www.tastruck.eu\/","name":"TAS Truck Advertising Solution","description":"","publisher":{"@id":"https:\/\/www.tastruck.eu\/#organization"},"potentialAction":[{"@type":"SearchAction","target":{"@type":"EntryPoint","urlTemplate":"https:\/\/www.tastruck.eu\/?s={search_term_string}"},"query-input":"required name=search_term_string"}],"inLanguage":"de"},{"@type":"Organization","@id":"https:\/\/www.tastruck.eu\/#organization","name":"TAS Truck Advertising Solution","url":"https:\/\/www.tastruck.eu\/","logo":{"@type":"ImageObject","inLanguage":"de","@id":"https:\/\/www.tastruck.eu\/#\/schema\/logo\/image\/","url":"https:\/\/www.tastruck.eu\/wp-content\/uploads\/2023\/02\/logo_TAS_color_whiteboldtag.svg","contentUrl":"https:\/\/www.tastruck.eu\/wp-content\/uploads\/2023\/02\/logo_TAS_color_whiteboldtag.svg","width":184,"height":62,"caption":"TAS Truck Advertising Solution"},"image":{"@id":"https:\/\/www.tastruck.eu\/#\/schema\/logo\/image\/"}}]}},"_links":{"self":[{"href":"https:\/\/www.tastruck.eu\/de\/wp-json\/wp\/v2\/pages\/1308","targetHints":{"allow":["GET"]}}],"collection":[{"href":"https:\/\/www.tastruck.eu\/de\/wp-json\/wp\/v2\/pages"}],"about":[{"href":"https:\/\/www.tastruck.eu\/de\/wp-json\/wp\/v2\/types\/page"}],"author":[{"embeddable":true,"href":"https:\/\/www.tastruck.eu\/de\/wp-json\/wp\/v2\/users\/1"}],"replies":[{"embeddable":true,"href":"https:\/\/www.tastruck.eu\/de\/wp-json\/wp\/v2\/comments?post=1308"}],"version-history":[{"count":23,"href":"https:\/\/www.tastruck.eu\/de\/wp-json\/wp\/v2\/pages\/1308\/revisions"}],"predecessor-version":[{"id":2055,"href":"https:\/\/www.tastruck.eu\/de\/wp-json\/wp\/v2\/pages\/1308\/revisions\/2055"}],"wp:attachment":[{"href":"https:\/\/www.tastruck.eu\/de\/wp-json\/wp\/v2\/media?parent=1308"}],"curies":[{"name":"wp","href":"https:\/\/api.w.org\/{rel}","templated":true}]}}